
    {"id":636,"date":"2020-09-23T18:16:17","date_gmt":"2020-09-23T11:16:17","guid":{"rendered":"http:\/\/blip.vn\/?page_id=636"},"modified":"2020-09-23T18:16:17","modified_gmt":"2020-09-23T11:16:17","slug":"mh3-bao-cao-tai-chinh-quy-32018","status":"publish","type":"page","link":"https:\/\/blip.vn\/en\/mh3-bao-cao-tai-chinh-quy-32018","title":{"rendered":"(Ti\u1ebfng Vi\u1ec7t) MH3: B\u00e1o c\u00e1o t\u00e0i ch\u00ednh qu\u00fd 3\/2018"},"content":{"rendered":"<p class=\"qtranxs-available-languages-message qtranxs-available-languages-message-en\">Sorry, this entry is only available in <a href=\"https:\/\/blip.vn\/vi\/wp-json\/wp\/v2\/pages\/636\" class=\"qtranxs-available-language-link qtranxs-available-language-link-vi\" title=\"Ti\u1ebfng Vi\u1ec7t\">Ti\u1ebfng Vi\u1ec7t<\/a>.<\/p>","protected":false},"excerpt":{"rendered":"<p>Sorry, this entry is only available in Ti\u1ebfng Vi\u1ec7t.<\/p>\n","protected":false},"author":1,"featured_media":0,"parent":0,"menu_order":16,"comment_status":"closed","ping_status":"closed","template":"","meta":{"_acf_changed":false,"footnotes":""},"class_list":["post-636","page","type-page","status-publish","hentry"],"acf":[],"rttpg_featured_image_url":null,"rttpg_author":{"display_name":"blipvn","author_link":"https:\/\/blip.vn\/en\/author\/blipvn"},"rttpg_comment":0,"rttpg_category":null,"rttpg_excerpt":"Sorry, this entry is only available in Ti\u1ebfng Vi\u1ec7t.","_links":{"self":[{"href":"https:\/\/blip.vn\/en\/wp-json\/wp\/v2\/pages\/636","targetHints":{"allow":["GET"]}}],"collection":[{"href":"https:\/\/blip.vn\/en\/wp-json\/wp\/v2\/pages"}],"about":[{"href":"https:\/\/blip.vn\/en\/wp-json\/wp\/v2\/types\/page"}],"author":[{"embeddable":true,"href":"https:\/\/blip.vn\/en\/wp-json\/wp\/v2\/users\/1"}],"replies":[{"embeddable":true,"href":"https:\/\/blip.vn\/en\/wp-json\/wp\/v2\/comments?post=636"}],"version-history":[{"count":0,"href":"https:\/\/blip.vn\/en\/wp-json\/wp\/v2\/pages\/636\/revisions"}],"wp:attachment":[{"href":"https:\/\/blip.vn\/en\/wp-json\/wp\/v2\/media?parent=636"}],"curies":[{"name":"wp","href":"https:\/\/api.w.org\/{rel}","templated":true}]}}