
    {"id":643,"date":"2020-09-23T18:20:13","date_gmt":"2020-09-23T11:20:13","guid":{"rendered":"http:\/\/blip.vn\/?page_id=643"},"modified":"2020-09-23T18:20:13","modified_gmt":"2020-09-23T11:20:13","slug":"mh3-bao-cao-tai-chinh-quy-42018","status":"publish","type":"page","link":"https:\/\/blip.vn\/ja\/mh3-bao-cao-tai-chinh-quy-42018","title":{"rendered":"(Ti\u1ebfng Vi\u1ec7t) MH3: B\u00e1o c\u00e1o t\u00e0i ch\u00ednh qu\u00fd 4\/2018"},"content":{"rendered":"<p class=\"qtranxs-available-languages-message qtranxs-available-languages-message-ja\">\u7533\u3057\u8a33\u3042\u308a\u307e\u305b\u3093\u3001\u3053\u306e\u30b3\u30f3\u30c6\u30f3\u30c4\u306f\u305f\u3060\u4eca\u3000<a href=\"https:\/\/blip.vn\/vi\/wp-json\/wp\/v2\/pages\/643\" class=\"qtranxs-available-language-link qtranxs-available-language-link-vi\" title=\"Ti\u1ebfng Vi\u1ec7t\">Ti\u1ebfng Vi\u1ec7t<\/a>\u3000\u306e\u307f\u3067\u3059\u3002<\/p>","protected":false},"excerpt":{"rendered":"<p>\u7533\u3057\u8a33\u3042\u308a\u307e\u305b\u3093\u3001\u3053\u306e\u30b3\u30f3\u30c6\u30f3\u30c4\u306f\u305f\u3060\u4eca\u3000Ti\u1ebfng Vi\u1ec7t\u3000\u306e\u307f\u3067\u3059\u3002<\/p>\n","protected":false},"author":1,"featured_media":0,"parent":0,"menu_order":15,"comment_status":"closed","ping_status":"closed","template":"","meta":{"_acf_changed":false,"footnotes":""},"class_list":["post-643","page","type-page","status-publish","hentry"],"acf":[],"rttpg_featured_image_url":null,"rttpg_author":{"display_name":"blipvn","author_link":"https:\/\/blip.vn\/ja\/author\/blipvn"},"rttpg_comment":0,"rttpg_category":null,"rttpg_excerpt":"\u7533\u3057\u8a33\u3042\u308a\u307e\u305b\u3093\u3001\u3053\u306e\u30b3\u30f3\u30c6\u30f3\u30c4\u306f\u305f\u3060\u4eca\u3000Ti\u1ebfng Vi\u1ec7t\u3000\u306e\u307f\u3067\u3059\u3002","_links":{"self":[{"href":"https:\/\/blip.vn\/ja\/wp-json\/wp\/v2\/pages\/643","targetHints":{"allow":["GET"]}}],"collection":[{"href":"https:\/\/blip.vn\/ja\/wp-json\/wp\/v2\/pages"}],"about":[{"href":"https:\/\/blip.vn\/ja\/wp-json\/wp\/v2\/types\/page"}],"author":[{"embeddable":true,"href":"https:\/\/blip.vn\/ja\/wp-json\/wp\/v2\/users\/1"}],"replies":[{"embeddable":true,"href":"https:\/\/blip.vn\/ja\/wp-json\/wp\/v2\/comments?post=643"}],"version-history":[{"count":0,"href":"https:\/\/blip.vn\/ja\/wp-json\/wp\/v2\/pages\/643\/revisions"}],"wp:attachment":[{"href":"https:\/\/blip.vn\/ja\/wp-json\/wp\/v2\/media?parent=643"}],"curies":[{"name":"wp","href":"https:\/\/api.w.org\/{rel}","templated":true}]}}